{"id":857,"date":"2021-03-31T13:29:00","date_gmt":"2021-03-31T12:29:00","guid":{"rendered":"http:\/\/scopo.strzelce.edu.pl\/?page_id=857"},"modified":"2025-03-31T14:26:14","modified_gmt":"2025-03-31T13:26:14","slug":"deklaracja-dosteponsci","status":"publish","type":"page","link":"http:\/\/scopo.strzelce.edu.pl\/?page_id=857","title":{"rendered":"Deklaracja dost\u0119pno\u015bci"},"content":{"rendered":"<p class=\"has-black-color\" style=\"text-align: justify;\">Samorz\u0105dowe Centrum Obs\u0142ugi Plac\u00f3wek O\u015bwiatowych w Strzelcach Kraje\u0144skich zobowi\u0105zuje si\u0119 zapewni\u0107 dost\u0119pno\u015b\u0107 strony internetowej scopo.strzelce.edu.pl, zgodnie z ustaw\u0105 z dnia 4 kwietnia 2019 r. o dost\u0119pno\u015bci cyfrowej stron internetowych i aplikacji mobilnych podmiot\u00f3w publicznych.<\/p>\n<!-- \/wp:post-content -->\n\n<!-- wp:paragraph {\"textColor\":\"black\"} -->\n<p class=\"has-black-color\" style=\"text-align: justify;\">Data publikacji strony internetowej: 01-10-2017 r.<\/p>\n<!-- \/wp:paragraph -->\n\n<!-- wp:paragraph {\"textColor\":\"black\"} -->\n<p class=\"has-black-color\" style=\"text-align: justify;\">Data ostatniej du\u017cej aktualizacji: 01-10-2017 r.<\/p>\n<!-- \/wp:paragraph -->\n\n<!-- wp:paragraph {\"textColor\":\"black\"} -->\n<p class=\"has-black-color\" style=\"text-align: justify;\">Strona internetowa jest zgodna z ustaw\u0105 o dost\u0119pno\u015bci cyfrowej stron internetowych i aplikacji mobilnych podmiot\u00f3w publicznych.<\/p>\n<!-- \/wp:paragraph -->\n\n<!-- wp:paragraph {\"textColor\":\"black\"} -->\n<p class=\"has-black-color\" style=\"text-align: justify;\">O\u015bwiadczenie sporz\u0105dzono dnia 26.03.2021 r. Deklaracj\u0119 sporz\u0105dzono na podstawie samooceny przeprowadzonej przez podmiot publiczny.<\/p>\n<!-- \/wp:paragraph -->\n\n<!-- wp:paragraph {\"textColor\":\"black\"} -->\n<p class=\"has-black-color\" style=\"text-align: justify;\">Na stronie internetowej mo\u017cna korzysta\u0107 ze standardowych skr\u00f3t\u00f3w klawiaturowych.<\/p>\n<!-- \/wp:paragraph -->\n\n<!-- wp:paragraph {\"textColor\":\"black\"} -->\n<p class=\"has-black-color\" style=\"text-align: justify;\"><strong>Informacje zwrotne i dane kontaktowe<\/strong><\/p>\n<!-- \/wp:paragraph -->\n\n<!-- wp:paragraph {\"textColor\":\"black\"} -->\n<p class=\"has-black-color\" style=\"text-align: justify;\">W przypadku <strong>problem\u00f3w z dost\u0119pno\u015bci\u0105 cyfrowej dla os\u00f3b niepe\u0142nosprawnych<\/strong> strony internetowej prosimy o kontakt. Osob\u0105 odpowiedzialn\u0105 jest Monika Sikora, adres poczty elektronicznej m.sikora@strzelce.edu.pl. Kontaktowa\u0107 mo\u017cna si\u0119 tak\u017ce dzwoni\u0105c na numer telefonu +48 95 763 63 18. T\u0105 sam\u0105 drog\u0105 mo\u017cna sk\u0142ada\u0107 wnioski o udost\u0119pnienie informacji niedost\u0119pnej oraz sk\u0142ada\u0107 skargi na brak zapewnienia dost\u0119pno\u015bci.<\/p>\n<!-- \/wp:paragraph -->\n\n<!-- wp:paragraph {\"textColor\":\"black\"} -->\n<p class=\"has-black-color\" style=\"text-align: justify;\">Ka\u017cdy ma prawo do wyst\u0105pienia z \u017c\u0105daniem zapewnienia dost\u0119pno\u015bci cyfrowej strony internetowej, aplikacji mobilnej lub jakiego\u015b ich elementu. Mo\u017cna tak\u017ce za\u017c\u0105da\u0107 udost\u0119pnienia informacji w formach alternatywnych, na przyk\u0142ad odczytanie niedost\u0119pnego cyfrowo dokumentu, opisania zawarto\u015bci filmu bez audiodeskrypcji itp. \u017b\u0105danie powinno zawiera\u0107 dane osoby zg\u0142aszaj\u0105cej \u017c\u0105danie, wskazanie, o kt\u00f3r\u0105 stron\u0119 internetow\u0105 lub aplikacj\u0119 mobiln\u0105 chodzi oraz spos\u00f3b kontaktu. Je\u017celi osoba \u017c\u0105daj\u0105ca zg\u0142asza potrzeb\u0119 otrzymania informacji w formie alternatywnej, powinna tak\u017ce okre\u015bli\u0107 form\u0119 tej informacji.<\/p>\n<!-- \/wp:paragraph -->\n\n<!-- wp:paragraph {\"textColor\":\"black\"} -->\n<p class=\"has-black-color\" style=\"text-align: justify;\">Podmiot publiczny powinien zrealizowa\u0107 \u017c\u0105danie niezw\u0142ocznie i nie p\u00f3\u017aniej, ni\u017c w ci\u0105gu 7 dni. Je\u017celi dotrzymanie tego terminu nie jest mo\u017cliwe, podmiot publiczny niezw\u0142ocznie informuje o tym, kiedy realizacja \u017c\u0105dania b\u0119dzie mo\u017cliwa, przy czym termin ten nie mo\u017ce by\u0107 d\u0142u\u017cszy ni\u017c 2 miesi\u0105ce. Je\u017celi zapewnienie dost\u0119pno\u015bci nie jest mo\u017cliwe, podmiot publiczny mo\u017ce zaproponowa\u0107 alternatywny spos\u00f3b dost\u0119pu do informacji.<\/p>\n<!-- \/wp:paragraph -->\n\n<!-- wp:paragraph {\"textColor\":\"black\"} -->\n<p class=\"has-black-color\" style=\"text-align: justify;\">W przypadku, gdy podmiot odm\u00f3wi realizacji \u017c\u0105dania zapewnienia dost\u0119pno\u015bci lub alternatywnego dost\u0119pu do informacji, mo\u017cna z\u0142o\u017cy\u0107 skarg\u0119 na takie dzia\u0142anie.<\/p>\n<!-- \/wp:paragraph -->\n\n<!-- wp:paragraph {\"textColor\":\"black\"} -->\n<p class=\"has-black-color\" style=\"text-align: justify;\">Po wyczerpaniu wszystkich mo\u017cliwo\u015bci skarg\u0119 mo\u017cna przes\u0142a\u0107 tak\u017ce do <a href=\"https:\/\/www.rpo.gov.pl\/content\/jak-zglosic-sie-do-rzecznika-praw-obywatelskich\">Rzecznika Praw Obywatelskich<\/a>.<\/p>\n<!-- \/wp:paragraph -->\n\n<!-- wp:paragraph {\"textColor\":\"black\"} -->\n<p class=\"has-black-color\" style=\"text-align: justify;\"><strong>Dost\u0119pno\u015b\u0107 architektoniczna<\/strong><\/p>\n<!-- \/wp:paragraph -->\n\n<!-- wp:paragraph {\"textColor\":\"black\"} -->\n<p class=\"has-black-color\" style=\"text-align: justify;\"><em>Samorz\u0105dowe Centrum Obs\u0142ugi Plac\u00f3wek O\u015bwiatowych w Strzelcach Kraje\u0144skich, Al. Wolno\u015bci 48, 66-500 Strzelce Kraje\u0144skie<\/em><\/p>\n<!-- \/wp:paragraph -->\n\n<!-- wp:paragraph {\"textColor\":\"black\"} -->\n<p class=\"has-black-color\" style=\"text-align: justify;\">Siedziba SCOPO mie\u015bci si\u0119 na I pi\u0119trze budynku Urz\u0119du Miejskiego w Strzelcach Kraje\u0144skich, w bocznym jego skrzydle. Obiekt nie jest w pe\u0142ni dostosowany do potrzeb os\u00f3b poruszaj\u0105cych si\u0119 na w\u00f3zkach inwalidzkich. Do pomieszcze\u0144 SCOPO prowadz\u0105 schody zabiegowe. Przy wej\u015bciu g\u0142\u00f3wnym do tej cz\u0119\u015bci budynku nie ma podjazdu u\u0142atwiaj\u0105cego wej\u015bcie. Nad wej\u015bciem nie ma g\u0142o\u015bnik\u00f3w systemu naprowadzaj\u0105cego d\u017awi\u0119kowo osoby niewidome i s\u0142abowidz\u0105ce. Wewn\u0105trz skrzyd\u0142a nie ma windy.\u00a0 Szeroko\u015b\u0107 drzwi nie jest przystosowana do korzystania przez osoby poruszaj\u0105ce si\u0119 na w\u00f3zkach inwalidzkich. Toalety wewn\u0105trz budynku nie s\u0105 przystosowane do potrzeb os\u00f3b niepe\u0142nosprawnych. Przy g\u0142\u00f3wnym budynku Urz\u0119du znajduj\u0105 si\u0119 dwa wydzielone miejsca parkingowe dla os\u00f3b z niepe\u0142nosprawno\u015bciami. W budynku nie ma oznacze\u0144 w alfabecie\u00a0 Braille\u2019a.<\/p>\n<!-- \/wp:paragraph -->\n\n<!-- wp:paragraph {\"textColor\":\"black\"} -->\n<p class=\"has-black-color\" style=\"text-align: justify;\"><em>Deklaracja zosta\u0142a ostatnio poddana przegl\u0105dowi w dniu 31-03-2025 r.<\/em><\/p>\n<!-- \/wp:paragraph -->\n\n<!-- wp:paragraph -->\n\n<!-- \/wp:paragraph -->\n\n<!-- wp:paragraph -->\n\n<!-- \/wp:paragraph -->\n\n<!-- wp:paragraph -->\n\n<!-- \/wp:paragraph -->\n\n<!-- wp:file {\"id\":1071,\"href\":\"http:\/\/scopo.strzelce.edu.pl\/wp-content\/uploads\/2023\/05\/OI-zapewnienie-dostepnosci.doc\"} -->\n<div class=\"wp-block-file\"><a id=\"wp-block-file--media-b310549d-2402-41ab-af51-7554fed10b4a\" href=\"http:\/\/scopo.strzelce.edu.pl\/wp-content\/uploads\/2023\/05\/OI-zapewnienie-dostepnosci.doc\">OI zapewnienie dost\u0119pno\u015bci<\/a><a class=\"wp-block-file__button wp-element-button\" href=\"http:\/\/scopo.strzelce.edu.pl\/wp-content\/uploads\/2023\/05\/OI-zapewnienie-dostepnosci.doc\" download=\"\" aria-describedby=\"wp-block-file--media-b310549d-2402-41ab-af51-7554fed10b4a\">Pobierz<\/a><\/div>\n<!-- \/wp:file -->","protected":false},"excerpt":{"rendered":"<p>Samorz\u0105dowe Centrum Obs\u0142ugi Plac\u00f3wek O\u015bwiatowych w Strzelcach Kraje\u0144skich zobowi\u0105zuje si\u0119 zapewni\u0107 dost\u0119pno\u015b\u0107 strony internetowej scopo.strzelce.edu.pl, zgodnie z ustaw\u0105 z dnia 4 kwietnia 2019 r. o dost\u0119pno\u015bci cyfrowej stron internetowych i aplikacji mobilnych podmiot\u00f3w publicznych. Data publikacji strony internetowej: 01-10-2017 r. Data ostatniej du\u017cej aktualizacji: 01-10-2017 r. Strona internetowa jest zgodna z ustaw\u0105 o dost\u0119pno\u015bci cyfrowej&#8230;<\/p>\n","protected":false},"author":1,"featured_media":0,"parent":2,"menu_order":0,"comment_status":"closed","ping_status":"closed","template":"","meta":{"footnotes":""},"class_list":["post-857","page","type-page","status-publish","hentry"],"_links":{"self":[{"href":"http:\/\/scopo.strzelce.edu.pl\/index.php?rest_route=\/wp\/v2\/pages\/857","targetHints":{"allow":["GET"]}}],"collection":[{"href":"http:\/\/scopo.strzelce.edu.pl\/index.php?rest_route=\/wp\/v2\/pages"}],"about":[{"href":"http:\/\/scopo.strzelce.edu.pl\/index.php?rest_route=\/wp\/v2\/types\/page"}],"author":[{"embeddable":true,"href":"http:\/\/scopo.strzelce.edu.pl\/index.php?rest_route=\/wp\/v2\/users\/1"}],"replies":[{"embeddable":true,"href":"http:\/\/scopo.strzelce.edu.pl\/index.php?rest_route=%2Fwp%2Fv2%2Fcomments&post=857"}],"version-history":[{"count":23,"href":"http:\/\/scopo.strzelce.edu.pl\/index.php?rest_route=\/wp\/v2\/pages\/857\/revisions"}],"predecessor-version":[{"id":1279,"href":"http:\/\/scopo.strzelce.edu.pl\/index.php?rest_route=\/wp\/v2\/pages\/857\/revisions\/1279"}],"up":[{"embeddable":true,"href":"http:\/\/scopo.strzelce.edu.pl\/index.php?rest_route=\/wp\/v2\/pages\/2"}],"wp:attachment":[{"href":"http:\/\/scopo.strzelce.edu.pl\/index.php?rest_route=%2Fwp%2Fv2%2Fmedia&parent=857"}],"curies":[{"name":"wp","href":"https:\/\/api.w.org\/{rel}","templated":true}]}}